{"id":15673,"date":"2026-04-20T20:42:01","date_gmt":"2026-04-20T18:42:01","guid":{"rendered":"https:\/\/montanavivaweb.com\/?page_id=15673"},"modified":"2026-04-24T16:56:14","modified_gmt":"2026-04-24T14:56:14","slug":"formulario-de-reserva","status":"publish","type":"page","link":"https:\/\/montanavivaweb.com\/formulario-de-reserva","title":{"rendered":"Formulario de Reserva"},"content":{"rendered":"\n<div class=\"wp-block-cover alignfull is-light wp-duotone-unset-3\"><span aria-hidden=\"true\" class=\"wp-block-cover__background has-background-dim-0 has-background-dim\"><\/span><div class=\"wp-block-cover__inner-container is-layout-constrained wp-block-cover-is-layout-constrained\">\n<div class=\"wp-block-columns is-layout-flex wp-container-core-columns-is-layout-8f761849 wp-block-columns-is-layout-flex\">\n<div class=\"wp-block-column is-layout-flow wp-block-column-is-layout-flow\">\n<div class=\"wp-block-jetpack-layout-grid column1-desktop-grid__span-12 column1-desktop-grid__row-1 column1-tablet-grid__span-8 column1-tablet-grid__row-1 column1-mobile-grid__span-4 column1-mobile-grid__row-1\">\n<div class=\"wp-block-jetpack-layout-grid-column wp-block-jetpack-layout-grid__padding-none\"><div class=\"wp-block-jetpack-contact-form is-horizontal is-content-justification-left is-layout-flex wp-container-jetpack-contact-form-is-layout-53c17e14 wp-block-jetpack-contact-form-is-layout-flex\"><a href=\"https:\/\/montanavivaweb.com\/formulario-de-reserva\" target=\"_blank\" rel=\"noopener noreferrer\">Env\u00eda un formulario.<\/a><\/div><\/div>\n<\/div>\n<\/div>\n<\/div>\n<\/div><\/div>\n","protected":false},"excerpt":{"rendered":"","protected":false},"author":4,"featured_media":0,"parent":0,"menu_order":0,"comment_status":"closed","ping_status":"closed","template":"","meta":{"_coblocks_attr":"","_coblocks_dimensions":"","_coblocks_responsive_height":"","_coblocks_accordion_ie_support":"","_crdt_document":"","footnotes":""},"class_list":["post-15673","page","type-page","status-publish","hentry"],"yoast_head":"<!-- This site is optimized with the Yoast SEO plugin v27.4 - https:\/\/yoast.com\/product\/yoast-seo-wordpress\/ -->\n<title>Formulario de Reserva -<\/title>\n<meta name=\"description\" content=\"\u00bfC\u00d3MO NOS HAS CONOCIDO?: ELIGE ACTIVIDAD Y D\u00cdA A REALIZAR: DATOS PERSONALES: A\u00d1ADE LAS PERSONAS QUE TE ACOMPA\u00d1AN: CONDICIONES GENERALES: + Leer\" \/>\n<meta name=\"robots\" content=\"index, follow, max-snippet:-1, max-image-preview:large, max-video-preview:-1\" \/>\n<link rel=\"canonical\" href=\"https:\/\/montanavivaweb.com\/formulario-de-reserva\" \/>\n<meta property=\"og:locale\" content=\"es_ES\" \/>\n<meta property=\"og:type\" content=\"article\" \/>\n<meta property=\"og:title\" content=\"Formulario de Reserva -\" \/>\n<meta property=\"og:description\" content=\"\u00bfC\u00d3MO NOS HAS CONOCIDO?: ELIGE ACTIVIDAD Y D\u00cdA A REALIZAR: DATOS PERSONALES: A\u00d1ADE LAS PERSONAS QUE TE ACOMPA\u00d1AN: CONDICIONES GENERALES: + Leer\" \/>\n<meta property=\"og:url\" content=\"https:\/\/montanavivaweb.com\/formulario-de-reserva\" \/>\n<meta property=\"article:publisher\" content=\"https:\/\/facebook.com\/montaaviva\" \/>\n<meta property=\"article:modified_time\" content=\"2026-04-24T14:56:14+00:00\" \/>\n<meta name=\"twitter:card\" content=\"summary_large_image\" \/>\n<meta name=\"twitter:site\" content=\"@montanaviva\" \/>\n<meta name=\"twitter:label1\" content=\"Tiempo de lectura\" \/>\n\t<meta name=\"twitter:data1\" content=\"9 minutos\" \/>\n<script type=\"application\/ld+json\" class=\"yoast-schema-graph\">{\"@context\":\"https:\\\/\\\/schema.org\",\"@graph\":[{\"@type\":\"WebPage\",\"@id\":\"https:\\\/\\\/montanavivaweb.com\\\/formulario-de-reserva\",\"url\":\"https:\\\/\\\/montanavivaweb.com\\\/formulario-de-reserva\",\"name\":\"Formulario de Reserva -\",\"isPartOf\":{\"@id\":\"https:\\\/\\\/montanavivaweb.com\\\/#website\"},\"datePublished\":\"2026-04-20T18:42:01+00:00\",\"dateModified\":\"2026-04-24T14:56:14+00:00\",\"description\":\"\u00bfC\u00d3MO NOS HAS CONOCIDO?: ELIGE ACTIVIDAD Y D\u00cdA A REALIZAR: DATOS PERSONALES: A\u00d1ADE LAS PERSONAS QUE TE ACOMPA\u00d1AN: CONDICIONES GENERALES: + Leer\",\"breadcrumb\":{\"@id\":\"https:\\\/\\\/montanavivaweb.com\\\/formulario-de-reserva#breadcrumb\"},\"inLanguage\":\"es\",\"potentialAction\":[{\"@type\":\"ReadAction\",\"target\":[\"https:\\\/\\\/montanavivaweb.com\\\/formulario-de-reserva\"]}]},{\"@type\":\"BreadcrumbList\",\"@id\":\"https:\\\/\\\/montanavivaweb.com\\\/formulario-de-reserva#breadcrumb\",\"itemListElement\":[{\"@type\":\"ListItem\",\"position\":1,\"name\":\"Portada\",\"item\":\"https:\\\/\\\/montanavivaweb.com\\\/\"},{\"@type\":\"ListItem\",\"position\":2,\"name\":\"Formulario de Reserva\"}]},{\"@type\":\"WebSite\",\"@id\":\"https:\\\/\\\/montanavivaweb.com\\\/#website\",\"url\":\"https:\\\/\\\/montanavivaweb.com\\\/\",\"name\":\"\",\"description\":\"\",\"potentialAction\":[{\"@type\":\"SearchAction\",\"target\":{\"@type\":\"EntryPoint\",\"urlTemplate\":\"https:\\\/\\\/montanavivaweb.com\\\/?s={search_term_string}\"},\"query-input\":{\"@type\":\"PropertyValueSpecification\",\"valueRequired\":true,\"valueName\":\"search_term_string\"}}],\"inLanguage\":\"es\"}]}<\/script>\n<!-- \/ Yoast SEO plugin. -->","yoast_head_json":{"title":"Formulario de Reserva -","description":"\u00bfC\u00d3MO NOS HAS CONOCIDO?: ELIGE ACTIVIDAD Y D\u00cdA A REALIZAR: DATOS PERSONALES: A\u00d1ADE LAS PERSONAS QUE TE ACOMPA\u00d1AN: CONDICIONES GENERALES: + Leer","robots":{"index":"index","follow":"follow","max-snippet":"max-snippet:-1","max-image-preview":"max-image-preview:large","max-video-preview":"max-video-preview:-1"},"canonical":"https:\/\/montanavivaweb.com\/formulario-de-reserva","og_locale":"es_ES","og_type":"article","og_title":"Formulario de Reserva -","og_description":"\u00bfC\u00d3MO NOS HAS CONOCIDO?: ELIGE ACTIVIDAD Y D\u00cdA A REALIZAR: DATOS PERSONALES: A\u00d1ADE LAS PERSONAS QUE TE ACOMPA\u00d1AN: CONDICIONES GENERALES: + Leer","og_url":"https:\/\/montanavivaweb.com\/formulario-de-reserva","article_publisher":"https:\/\/facebook.com\/montaaviva","article_modified_time":"2026-04-24T14:56:14+00:00","twitter_card":"summary_large_image","twitter_site":"@montanaviva","twitter_misc":{"Tiempo de lectura":"9 minutos"},"schema":{"@context":"https:\/\/schema.org","@graph":[{"@type":"WebPage","@id":"https:\/\/montanavivaweb.com\/formulario-de-reserva","url":"https:\/\/montanavivaweb.com\/formulario-de-reserva","name":"Formulario de Reserva -","isPartOf":{"@id":"https:\/\/montanavivaweb.com\/#website"},"datePublished":"2026-04-20T18:42:01+00:00","dateModified":"2026-04-24T14:56:14+00:00","description":"\u00bfC\u00d3MO NOS HAS CONOCIDO?: ELIGE ACTIVIDAD Y D\u00cdA A REALIZAR: DATOS PERSONALES: A\u00d1ADE LAS PERSONAS QUE TE ACOMPA\u00d1AN: CONDICIONES GENERALES: + Leer","breadcrumb":{"@id":"https:\/\/montanavivaweb.com\/formulario-de-reserva#breadcrumb"},"inLanguage":"es","potentialAction":[{"@type":"ReadAction","target":["https:\/\/montanavivaweb.com\/formulario-de-reserva"]}]},{"@type":"BreadcrumbList","@id":"https:\/\/montanavivaweb.com\/formulario-de-reserva#breadcrumb","itemListElement":[{"@type":"ListItem","position":1,"name":"Portada","item":"https:\/\/montanavivaweb.com\/"},{"@type":"ListItem","position":2,"name":"Formulario de Reserva"}]},{"@type":"WebSite","@id":"https:\/\/montanavivaweb.com\/#website","url":"https:\/\/montanavivaweb.com\/","name":"","description":"","potentialAction":[{"@type":"SearchAction","target":{"@type":"EntryPoint","urlTemplate":"https:\/\/montanavivaweb.com\/?s={search_term_string}"},"query-input":{"@type":"PropertyValueSpecification","valueRequired":true,"valueName":"search_term_string"}}],"inLanguage":"es"}]}},"jetpack_sharing_enabled":true,"jetpack_shortlink":"https:\/\/wp.me\/Phcy6m-44N","jetpack-related-posts":[],"_links":{"self":[{"href":"https:\/\/montanavivaweb.com\/index.php?rest_route=\/wp\/v2\/pages\/15673","targetHints":{"allow":["GET"]}}],"collection":[{"href":"https:\/\/montanavivaweb.com\/index.php?rest_route=\/wp\/v2\/pages"}],"about":[{"href":"https:\/\/montanavivaweb.com\/index.php?rest_route=\/wp\/v2\/types\/page"}],"author":[{"embeddable":true,"href":"https:\/\/montanavivaweb.com\/index.php?rest_route=\/wp\/v2\/users\/4"}],"replies":[{"embeddable":true,"href":"https:\/\/montanavivaweb.com\/index.php?rest_route=%2Fwp%2Fv2%2Fcomments&post=15673"}],"version-history":[{"count":24,"href":"https:\/\/montanavivaweb.com\/index.php?rest_route=\/wp\/v2\/pages\/15673\/revisions"}],"predecessor-version":[{"id":15821,"href":"https:\/\/montanavivaweb.com\/index.php?rest_route=\/wp\/v2\/pages\/15673\/revisions\/15821"}],"wp:attachment":[{"href":"https:\/\/montanavivaweb.com\/index.php?rest_route=%2Fwp%2Fv2%2Fmedia&parent=15673"}],"curies":[{"name":"wp","href":"https:\/\/api.w.org\/{rel}","templated":true}]}}